{"id":3034,"date":"2025-05-26T08:17:12","date_gmt":"2025-05-26T08:17:12","guid":{"rendered":"https:\/\/ultrasierradesegura.com\/wordpress\/index.php\/2019-2\/"},"modified":"2025-07-09T06:41:56","modified_gmt":"2025-07-09T06:41:56","slug":"2019-2","status":"publish","type":"page","link":"https:\/\/ultrasierradesegura.com\/?page_id=3034","title":{"rendered":"2019"},"content":{"rendered":"","protected":false},"excerpt":{"rendered":"","protected":false},"author":1,"featured_media":0,"parent":0,"menu_order":0,"comment_status":"closed","ping_status":"closed","template":"full-width","meta":{"saved_in_kubio":true,"_uag_custom_page_level_css":"","footnotes":""},"class_list":["post-3034","page","type-page","status-publish","hentry"],"kubio_ai_page_context":{"short_desc":"","purpose":"general"},"yoast_head":"<!-- This site is optimized with the Yoast SEO plugin v25.3 - https:\/\/yoast.com\/wordpress\/plugins\/seo\/ -->\n<title>2019 - SANTIAGO-PONTONES TRAIL WEEKEND<\/title>\n<meta name=\"description\" content=\"Todas las fotos de la carrera del a\u00f1o 2019. Tambi\u00e9n est\u00e1n disponibles en este enlace: https:\/\/www.facebook.com\/ultrasierradesegura\" \/>\n<meta name=\"robots\" content=\"index, follow, max-snippet:-1, max-image-preview:large, max-video-preview:-1\" \/>\n<link rel=\"canonical\" href=\"https:\/\/ultrasierradesegura.com\/?page_id=3034\" \/>\n<meta property=\"og:locale\" content=\"es_ES\" \/>\n<meta property=\"og:type\" content=\"article\" \/>\n<meta property=\"og:title\" content=\"2019 - SANTIAGO-PONTONES TRAIL WEEKEND\" \/>\n<meta property=\"og:description\" content=\"Todas las fotos de la carrera del a\u00f1o 2019. Tambi\u00e9n est\u00e1n disponibles en este enlace: https:\/\/www.facebook.com\/ultrasierradesegura\" \/>\n<meta property=\"og:url\" content=\"https:\/\/ultrasierradesegura.com\/?page_id=3034\" \/>\n<meta property=\"og:site_name\" content=\"SANTIAGO-PONTONES TRAIL WEEKEND\" \/>\n<meta property=\"article:publisher\" content=\"https:\/\/www.facebook.com\/ultrasierradesegura\" \/>\n<meta property=\"article:modified_time\" content=\"2025-07-09T06:41:56+00:00\" \/>\n<meta name=\"twitter:card\" content=\"summary_large_image\" \/>\n<script type=\"application\/ld+json\" class=\"yoast-schema-graph\">{\"@context\":\"https:\/\/schema.org\",\"@graph\":[{\"@type\":\"WebPage\",\"@id\":\"https:\/\/ultrasierradesegura.com\/?page_id=3034\",\"url\":\"https:\/\/ultrasierradesegura.com\/?page_id=3034\",\"name\":\"2019 - SANTIAGO-PONTONES TRAIL WEEKEND\",\"isPartOf\":{\"@id\":\"https:\/\/ultrasierradesegura.com\/#website\"},\"datePublished\":\"2025-05-26T08:17:12+00:00\",\"dateModified\":\"2025-07-09T06:41:56+00:00\",\"description\":\"Todas las fotos de la carrera del a\u00f1o 2019. Tambi\u00e9n est\u00e1n disponibles en este enlace: https:\/\/www.facebook.com\/ultrasierradesegura\",\"breadcrumb\":{\"@id\":\"https:\/\/ultrasierradesegura.com\/?page_id=3034#breadcrumb\"},\"inLanguage\":\"es\",\"potentialAction\":[{\"@type\":\"ReadAction\",\"target\":[\"https:\/\/ultrasierradesegura.com\/?page_id=3034\"]}]},{\"@type\":\"BreadcrumbList\",\"@id\":\"https:\/\/ultrasierradesegura.com\/?page_id=3034#breadcrumb\",\"itemListElement\":[{\"@type\":\"ListItem\",\"position\":1,\"name\":\"Portada\",\"item\":\"https:\/\/ultrasierradesegura.com\/\"},{\"@type\":\"ListItem\",\"position\":2,\"name\":\"2019\"}]},{\"@type\":\"WebSite\",\"@id\":\"https:\/\/ultrasierradesegura.com\/#website\",\"url\":\"https:\/\/ultrasierradesegura.com\/\",\"name\":\"SANTIAGO-PONTONES TRAIL WEEKEND\",\"description\":\"\",\"publisher\":{\"@id\":\"https:\/\/ultrasierradesegura.com\/#organization\"},\"potentialAction\":[{\"@type\":\"SearchAction\",\"target\":{\"@type\":\"EntryPoint\",\"urlTemplate\":\"https:\/\/ultrasierradesegura.com\/?s={search_term_string}\"},\"query-input\":{\"@type\":\"PropertyValueSpecification\",\"valueRequired\":true,\"valueName\":\"search_term_string\"}}],\"inLanguage\":\"es\"},{\"@type\":\"Organization\",\"@id\":\"https:\/\/ultrasierradesegura.com\/#organization\",\"name\":\"SANTIAGO-PONTONES TRAIL WEEKEND\",\"url\":\"https:\/\/ultrasierradesegura.com\/\",\"logo\":{\"@type\":\"ImageObject\",\"inLanguage\":\"es\",\"@id\":\"https:\/\/ultrasierradesegura.com\/#\/schema\/logo\/image\/\",\"url\":\"https:\/\/ultrasierradesegura.com\/wp-content\/uploads\/2025\/05\/R.png\",\"contentUrl\":\"https:\/\/ultrasierradesegura.com\/wp-content\/uploads\/2025\/05\/R.png\",\"width\":300,\"height\":251,\"caption\":\"SANTIAGO-PONTONES TRAIL WEEKEND\"},\"image\":{\"@id\":\"https:\/\/ultrasierradesegura.com\/#\/schema\/logo\/image\/\"},\"sameAs\":[\"https:\/\/www.facebook.com\/ultrasierradesegura\",\"https:\/\/www.instagram.com\/ultratrailsierradesegura25\/\"]}]}<\/script>\n<!-- \/ Yoast SEO plugin. -->","yoast_head_json":{"title":"2019 - SANTIAGO-PONTONES TRAIL WEEKEND","description":"Todas las fotos de la carrera del a\u00f1o 2019. Tambi\u00e9n est\u00e1n disponibles en este enlace: https:\/\/www.facebook.com\/ultrasierradesegura","robots":{"index":"index","follow":"follow","max-snippet":"max-snippet:-1","max-image-preview":"max-image-preview:large","max-video-preview":"max-video-preview:-1"},"canonical":"https:\/\/ultrasierradesegura.com\/?page_id=3034","og_locale":"es_ES","og_type":"article","og_title":"2019 - SANTIAGO-PONTONES TRAIL WEEKEND","og_description":"Todas las fotos de la carrera del a\u00f1o 2019. Tambi\u00e9n est\u00e1n disponibles en este enlace: https:\/\/www.facebook.com\/ultrasierradesegura","og_url":"https:\/\/ultrasierradesegura.com\/?page_id=3034","og_site_name":"SANTIAGO-PONTONES TRAIL WEEKEND","article_publisher":"https:\/\/www.facebook.com\/ultrasierradesegura","article_modified_time":"2025-07-09T06:41:56+00:00","twitter_card":"summary_large_image","schema":{"@context":"https:\/\/schema.org","@graph":[{"@type":"WebPage","@id":"https:\/\/ultrasierradesegura.com\/?page_id=3034","url":"https:\/\/ultrasierradesegura.com\/?page_id=3034","name":"2019 - SANTIAGO-PONTONES TRAIL WEEKEND","isPartOf":{"@id":"https:\/\/ultrasierradesegura.com\/#website"},"datePublished":"2025-05-26T08:17:12+00:00","dateModified":"2025-07-09T06:41:56+00:00","description":"Todas las fotos de la carrera del a\u00f1o 2019. Tambi\u00e9n est\u00e1n disponibles en este enlace: https:\/\/www.facebook.com\/ultrasierradesegura","breadcrumb":{"@id":"https:\/\/ultrasierradesegura.com\/?page_id=3034#breadcrumb"},"inLanguage":"es","potentialAction":[{"@type":"ReadAction","target":["https:\/\/ultrasierradesegura.com\/?page_id=3034"]}]},{"@type":"BreadcrumbList","@id":"https:\/\/ultrasierradesegura.com\/?page_id=3034#breadcrumb","itemListElement":[{"@type":"ListItem","position":1,"name":"Portada","item":"https:\/\/ultrasierradesegura.com\/"},{"@type":"ListItem","position":2,"name":"2019"}]},{"@type":"WebSite","@id":"https:\/\/ultrasierradesegura.com\/#website","url":"https:\/\/ultrasierradesegura.com\/","name":"SANTIAGO-PONTONES TRAIL WEEKEND","description":"","publisher":{"@id":"https:\/\/ultrasierradesegura.com\/#organization"},"potentialAction":[{"@type":"SearchAction","target":{"@type":"EntryPoint","urlTemplate":"https:\/\/ultrasierradesegura.com\/?s={search_term_string}"},"query-input":{"@type":"PropertyValueSpecification","valueRequired":true,"valueName":"search_term_string"}}],"inLanguage":"es"},{"@type":"Organization","@id":"https:\/\/ultrasierradesegura.com\/#organization","name":"SANTIAGO-PONTONES TRAIL WEEKEND","url":"https:\/\/ultrasierradesegura.com\/","logo":{"@type":"ImageObject","inLanguage":"es","@id":"https:\/\/ultrasierradesegura.com\/#\/schema\/logo\/image\/","url":"https:\/\/ultrasierradesegura.com\/wp-content\/uploads\/2025\/05\/R.png","contentUrl":"https:\/\/ultrasierradesegura.com\/wp-content\/uploads\/2025\/05\/R.png","width":300,"height":251,"caption":"SANTIAGO-PONTONES TRAIL WEEKEND"},"image":{"@id":"https:\/\/ultrasierradesegura.com\/#\/schema\/logo\/image\/"},"sameAs":["https:\/\/www.facebook.com\/ultrasierradesegura","https:\/\/www.instagram.com\/ultratrailsierradesegura25\/"]}]}},"uagb_featured_image_src":{"full":false,"thumbnail":false,"medium":false,"medium_large":false,"large":false,"1536x1536":false,"2048x2048":false,"kubio-fullhd":false},"uagb_author_info":{"display_name":"admin","author_link":"https:\/\/ultrasierradesegura.com\/?author=1"},"uagb_comment_info":0,"uagb_excerpt":null,"_links":{"self":[{"href":"https:\/\/ultrasierradesegura.com\/index.php?rest_route=\/wp\/v2\/pages\/3034","targetHints":{"allow":["GET"]}}],"collection":[{"href":"https:\/\/ultrasierradesegura.com\/index.php?rest_route=\/wp\/v2\/pages"}],"about":[{"href":"https:\/\/ultrasierradesegura.com\/index.php?rest_route=\/wp\/v2\/types\/page"}],"author":[{"embeddable":true,"href":"https:\/\/ultrasierradesegura.com\/index.php?rest_route=\/wp\/v2\/users\/1"}],"replies":[{"embeddable":true,"href":"https:\/\/ultrasierradesegura.com\/index.php?rest_route=%2Fwp%2Fv2%2Fcomments&post=3034"}],"version-history":[{"count":82,"href":"https:\/\/ultrasierradesegura.com\/index.php?rest_route=\/wp\/v2\/pages\/3034\/revisions"}],"predecessor-version":[{"id":3622,"href":"https:\/\/ultrasierradesegura.com\/index.php?rest_route=\/wp\/v2\/pages\/3034\/revisions\/3622"}],"wp:attachment":[{"href":"https:\/\/ultrasierradesegura.com\/index.php?rest_route=%2Fwp%2Fv2%2Fmedia&parent=3034"}],"curies":[{"name":"wp","href":"https:\/\/api.w.org\/{rel}","templated":true}]}}